{"id":8027,"date":"2026-04-23T13:41:35","date_gmt":"2026-04-23T13:41:35","guid":{"rendered":"https:\/\/obdwelt.de\/?post_type=product&#038;p=8027"},"modified":"2026-04-23T16:20:46","modified_gmt":"2026-04-23T16:20:46","slug":"mucar-892bt-obd2-diagnosegeraet","status":"publish","type":"product","link":"https:\/\/obdwelt.de\/en\/produkt\/mucar-892bt-obd2-diagnosegeraet\/","title":{"rendered":"MUCAR 892BT ULTRA OBD2 Diagnoseger\u00e4t mit ECU Coding, Bi-direktionalen Tests \u2013 CAN FD, DoIP, 35+ Servicefunktionen, Lifetime Updates"},"content":{"rendered":"<p data-start=\"3566\" data-end=\"3707\">Das <strong data-start=\"3570\" data-end=\"3585\">MUCAR 892BT<\/strong> ist ein professionelles OBD2 Diagnoseger\u00e4t der neuesten Generation f\u00fcr Werkst\u00e4tten, Techniker und ambitionierte Anwender.<\/p>\n<p data-start=\"3709\" data-end=\"3846\">Mit einem intelligenten <strong data-start=\"3733\" data-end=\"3754\">AI-Diagnosesystem<\/strong> analysiert das Ger\u00e4t Fehlercodes automatisch und liefert sofort passende Reparaturl\u00f6sungen.<\/p>\n<hr data-start=\"3848\" data-end=\"3851\" \/>\n<h2 data-section-id=\"1uqdif8\" data-start=\"3853\" data-end=\"3874\">\ud83d\udd25 Hauptfunktionen<\/h2>\n<h3 data-section-id=\"b26ffr\" data-start=\"3876\" data-end=\"3904\">\ud83e\udde0 AI-gest\u00fctzte Diagnose<\/h3>\n<ul data-start=\"3905\" data-end=\"4003\">\n<li data-section-id=\"107qugm\" data-start=\"3905\" data-end=\"3940\">Automatische Fehlercode-Analyse<\/li>\n<li data-section-id=\"vfkn7o\" data-start=\"3941\" data-end=\"3970\">Echtzeit AI-Unterst\u00fctzung<\/li>\n<li data-section-id=\"50ll96\" data-start=\"3971\" data-end=\"4003\">Schnelle Diagnose &amp; L\u00f6sungen<\/li>\n<\/ul>\n<hr data-start=\"4005\" data-end=\"4008\" \/>\n<h3 data-section-id=\"12ckcah\" data-start=\"4010\" data-end=\"4059\">\ud83d\udd04 Bi-direktionale Tests (3000+ Active Tests)<\/h3>\n<p data-start=\"4060\" data-end=\"4102\">Direkte Steuerung von Fahrzeugkomponenten:<\/p>\n<ul data-start=\"4103\" data-end=\"4182\">\n<li data-section-id=\"1ir6b0c\" data-start=\"4103\" data-end=\"4121\">Einspritzd\u00fcsen<\/li>\n<li data-section-id=\"i45vi5\" data-start=\"4122\" data-end=\"4132\">L\u00fcfter<\/li>\n<li data-section-id=\"krlxki\" data-start=\"4133\" data-end=\"4154\">Fenster &amp; Spiegel<\/li>\n<li data-section-id=\"op5z06\" data-start=\"4155\" data-end=\"4182\">ABS, Klimaanlage u.v.m.<\/li>\n<\/ul>\n<hr data-start=\"4184\" data-end=\"4187\" \/>\n<h3 data-section-id=\"1u76ydf\" data-start=\"4189\" data-end=\"4218\">\ud83d\udd27 ECU Coding &amp; Anpassung<\/h3>\n<ul data-start=\"4219\" data-end=\"4345\">\n<li data-section-id=\"1vmv7yr\" data-start=\"4219\" data-end=\"4258\">Freischalten versteckter Funktionen<\/li>\n<li data-section-id=\"1fudm3a\" data-start=\"4259\" data-end=\"4290\">Anpassung von Steuerger\u00e4ten<\/li>\n<li data-section-id=\"1txszlk\" data-start=\"4291\" data-end=\"4315\">Komponenten-Anlernen<\/li>\n<li data-section-id=\"9cgvf2\" data-start=\"4316\" data-end=\"4345\">Reset von Adaptionswerten<\/li>\n<\/ul>\n<hr data-start=\"4347\" data-end=\"4350\" \/>\n<h3 data-section-id=\"19a2he1\" data-start=\"4352\" data-end=\"4387\">\ud83d\udd11 Key Programming (IMMO Basis)<\/h3>\n<ul data-start=\"4388\" data-end=\"4485\">\n<li data-section-id=\"qf39um\" data-start=\"4388\" data-end=\"4420\">Schl\u00fcssel anlernen \/ l\u00f6schen<\/li>\n<li data-section-id=\"cqzlad\" data-start=\"4421\" data-end=\"4447\">Kompatibel mit TKEY101<\/li>\n<li data-section-id=\"1mteq17\" data-start=\"4448\" data-end=\"4485\">F\u00fcr viele Fahrzeugmarken geeignet<\/li>\n<\/ul>\n<hr data-start=\"4487\" data-end=\"4490\" \/>\n<h3 data-section-id=\"1ii00rl\" data-start=\"4492\" data-end=\"4520\">\u2699\ufe0f 35+ Servicefunktionen<\/h3>\n<ul data-start=\"4521\" data-end=\"4640\">\n<li data-section-id=\"h7yp7e\" data-start=\"4521\" data-end=\"4540\">\u00d6lservice Reset<\/li>\n<li data-section-id=\"1scxl6\" data-start=\"4541\" data-end=\"4554\">EPB Reset<\/li>\n<li data-section-id=\"z2td9n\" data-start=\"4555\" data-end=\"4575\">DPF Regeneration<\/li>\n<li data-section-id=\"1gfpsqk\" data-start=\"4576\" data-end=\"4589\">SAS Reset<\/li>\n<li data-section-id=\"ltl195\" data-start=\"4590\" data-end=\"4608\">ABS Entl\u00fcftung<\/li>\n<li data-section-id=\"lmfky7\" data-start=\"4609\" data-end=\"4640\">Injektor-Codierung<br data-start=\"4629\" data-end=\"4632\" \/>u.v.m.<\/li>\n<\/ul>\n<hr data-start=\"4642\" data-end=\"4645\" \/>\n<h3 data-section-id=\"1450w9a\" data-start=\"4647\" data-end=\"4681\">\ud83d\ude97 Vollst\u00e4ndige Systemdiagnose<\/h3>\n<p data-start=\"4682\" data-end=\"4715\">Diagnose aller wichtigen Systeme:<\/p>\n<ul data-start=\"4716\" data-end=\"4778\">\n<li data-section-id=\"13rnjkz\" data-start=\"4716\" data-end=\"4725\">Motor<\/li>\n<li data-section-id=\"1jngchz\" data-start=\"4726\" data-end=\"4738\">Getriebe<\/li>\n<li data-section-id=\"13ef1wx\" data-start=\"4739\" data-end=\"4752\">ABS \/ ESP<\/li>\n<li data-section-id=\"1pzn89x\" data-start=\"4753\" data-end=\"4769\">Airbag (SRS)<\/li>\n<li data-section-id=\"631lg2\" data-start=\"4770\" data-end=\"4778\">TPMS<\/li>\n<\/ul>\n<hr data-start=\"4780\" data-end=\"4783\" \/>\n<h2 data-section-id=\"d5qub3\" data-start=\"4785\" data-end=\"4813\">\u26a1 Unterst\u00fctzte Protokolle<\/h2>\n<ul data-start=\"4815\" data-end=\"4857\">\n<li data-section-id=\"c1k6fm\" data-start=\"4815\" data-end=\"4827\">\u2714 CAN FD<\/li>\n<li data-section-id=\"1eqz80e\" data-start=\"4828\" data-end=\"4838\">\u2714 DoIP<\/li>\n<li data-section-id=\"1vse9b3\" data-start=\"4839\" data-end=\"4857\">\u2714 FCA AutoAuth<\/li>\n<\/ul>\n<hr data-start=\"4859\" data-end=\"4862\" \/>\n<h2 data-section-id=\"zfhpua\" data-start=\"4864\" data-end=\"4887\">\ud83c\udf0d Fahrzeugabdeckung<\/h2>\n<p data-start=\"4889\" data-end=\"5002\">Unterst\u00fctzt \u00fcber <strong data-start=\"4906\" data-end=\"4961\">150+ Fahrzeugmarken und 200.000+ Fahrzeuge weltweit<\/strong>.<\/p>\n<hr data-start=\"5004\" data-end=\"5007\" \/>\n<h2 data-section-id=\"8drdoj\" data-start=\"5009\" data-end=\"5031\">\ud83d\udce1 Technische Daten<\/h2>\n<ul data-start=\"5033\" data-end=\"5144\">\n<li data-section-id=\"zaxzua\" data-start=\"5033\" data-end=\"5047\">Android 10<\/li>\n<li data-section-id=\"6i3ali\" data-start=\"5048\" data-end=\"5068\">2.0GHz Quad-Core<\/li>\n<li data-section-id=\"1yew9q7\" data-start=\"5069\" data-end=\"5091\">4GB RAM \/ 64GB ROM<\/li>\n<li data-section-id=\"1lip91k\" data-start=\"5092\" data-end=\"5106\">8&#8243; Display<\/li>\n<li data-section-id=\"12dw9pl\" data-start=\"5107\" data-end=\"5127\">Bluetooth &amp; WiFi<\/li>\n<li data-section-id=\"9z6p2w\" data-start=\"5128\" data-end=\"5144\">4150mAh Akku<\/li>\n<\/ul>\n<hr data-start=\"5146\" data-end=\"5149\" \/>\n<h2 data-section-id=\"caye4j\" data-start=\"5151\" data-end=\"5165\">\ud83d\udca1 Vorteile<\/h2>\n<ul data-start=\"5167\" data-end=\"5326\">\n<li data-section-id=\"zb6h7t\" data-start=\"5167\" data-end=\"5240\">\u2714 Lebenslange Updates kostenlos<\/li>\n<li data-section-id=\"76z0oy\" data-start=\"5241\" data-end=\"5266\">\u2714 Profi Diagnoseger\u00e4t<\/li>\n<li data-section-id=\"zazlrc\" data-start=\"5267\" data-end=\"5289\">\u2714 AI-Unterst\u00fctzung<\/li>\n<li data-section-id=\"6mw9e5\" data-start=\"5290\" data-end=\"5326\">\u2714 F\u00fcr moderne Fahrzeuge geeignet<\/li>\n<\/ul>\n<hr data-start=\"5328\" data-end=\"5331\" \/>\n<h2 data-section-id=\"x3v9x5\" data-start=\"5333\" data-end=\"5351\">\ud83d\udce6 Lieferumfang<\/h2>\n<ul data-start=\"5353\" data-end=\"5451\">\n<li data-section-id=\"zkcb2n\" data-start=\"5353\" data-end=\"5375\">MUCAR 892BT Tablet<\/li>\n<li data-section-id=\"i2ewbt\" data-start=\"5376\" data-end=\"5397\">Bluetooth Adapter<\/li>\n<li data-section-id=\"r1taa3\" data-start=\"5398\" data-end=\"5417\">Kabel &amp; Zubeh\u00f6r<\/li>\n<li data-section-id=\"fjiarc\" data-start=\"5418\" data-end=\"5437\">Transportkoffer<\/li>\n<li data-section-id=\"vry6xb\" data-start=\"5438\" data-end=\"5451\">Anleitung<\/li>\n<\/ul>\n","protected":false},"excerpt":{"rendered":"<p>Das MUCAR 892BT ist ein professionelles OBD2 Diagnoseger\u00e4t der neuesten Generation f\u00fcr Werkst\u00e4tten, Techniker und ambitionierte Anwender. Mit einem intelligenten AI-Diagnosesystem analysiert das Ger\u00e4t Fehlercodes automatisch und liefert sofort passende Reparaturl\u00f6sungen. \ud83d\udd25 Hauptfunktionen \ud83e\udde0 AI-gest\u00fctzte Diagnose Automatische Fehlercode-Analyse Echtzeit AI-Unterst\u00fctzung Schnelle Diagnose &amp; L\u00f6sungen \ud83d\udd04 Bi-direktionale Tests (3000+ Active Tests) Direkte Steuerung von Fahrzeugkomponenten: Einspritzd\u00fcsen [&hellip;]<\/p>\n","protected":false},"featured_media":8028,"comment_status":"open","ping_status":"closed","template":"","meta":[],"product_brand":[295],"product_cat":[390,335],"product_tag":[],"class_list":{"0":"post-8027","1":"product","2":"type-product","3":"status-publish","4":"has-post-thumbnail","6":"product_brand-thinkcar","7":"product_cat-diagnosegerate-obd","8":"product_cat-diagnosegerate-thinkcar","10":"first","11":"instock","12":"shipping-taxable","13":"purchasable","14":"product-type-simple"},"_links":{"self":[{"href":"https:\/\/obdwelt.de\/en\/wp-json\/wp\/v2\/product\/8027","targetHints":{"allow":["GET"]}}],"collection":[{"href":"https:\/\/obdwelt.de\/en\/wp-json\/wp\/v2\/product"}],"about":[{"href":"https:\/\/obdwelt.de\/en\/wp-json\/wp\/v2\/types\/product"}],"replies":[{"embeddable":true,"href":"https:\/\/obdwelt.de\/en\/wp-json\/wp\/v2\/comments?post=8027"}],"wp:featuredmedia":[{"embeddable":true,"href":"https:\/\/obdwelt.de\/en\/wp-json\/wp\/v2\/media\/8028"}],"wp:attachment":[{"href":"https:\/\/obdwelt.de\/en\/wp-json\/wp\/v2\/media?parent=8027"}],"wp:term":[{"taxonomy":"product_brand","embeddable":true,"href":"https:\/\/obdwelt.de\/en\/wp-json\/wp\/v2\/product_brand?post=8027"},{"taxonomy":"product_cat","embeddable":true,"href":"https:\/\/obdwelt.de\/en\/wp-json\/wp\/v2\/product_cat?post=8027"},{"taxonomy":"product_tag","embeddable":true,"href":"https:\/\/obdwelt.de\/en\/wp-json\/wp\/v2\/product_tag?post=8027"}],"curies":[{"name":"wp","href":"https:\/\/api.w.org\/{rel}","templated":true}]}}