{"id":8055,"date":"2026-04-23T13:47:55","date_gmt":"2026-04-23T13:47:55","guid":{"rendered":"https:\/\/obdwelt.de\/?post_type=product&#038;p=8055"},"modified":"2026-04-23T14:07:59","modified_gmt":"2026-04-23T14:07:59","slug":"mittmannlive-topscan-pro-mucar-scanner-bundle-mit-2-geraeten","status":"publish","type":"product","link":"https:\/\/obdwelt.de\/en\/produkt\/mittmannlive-topscan-pro-mucar-scanner-bundle-mit-2-geraeten\/","title":{"rendered":"Profi Diagnose Bundle mit MittmannLive Pro &#038; MUCAR Scanner \u2013 OBD2 Vollsystem Diagnose, AI Analyse &#038; schnelle Fehlerdiagnose inkl. Lifetime Updates"},"content":{"rendered":"<h2 data-section-id=\"11zm6vr\" data-start=\"625\" data-end=\"695\">MittmannLive TopScan Pro &amp; MUCAR Scanner<\/h2>\n<h2 data-section-id=\"11zm6vr\" data-start=\"625\" data-end=\"695\">\ud83d\udd27 Profi Diagnose Bundle \u2013 Maximale Leistung f\u00fcr Werkstatt &amp; Profis<\/h2>\n<p data-start=\"697\" data-end=\"857\">Mit diesem leistungsstarken <strong data-start=\"725\" data-end=\"796\">OBD2 Diagnose Bundle aus MittmannLive TopScan Pro und MUCAR Scanner<\/strong> bist du jeder Werkstatt einen entscheidenden Schritt voraus.<\/p>\n<p data-start=\"859\" data-end=\"1018\">Zwei perfekt abgestimmte Diagnoseger\u00e4te sorgen f\u00fcr eine deutlich h\u00f6here Fahrzeugabdeckung, schnellere Fehlerdiagnose und maximale Effizienz im Werkstattalltag.<\/p>\n<hr data-start=\"1020\" data-end=\"1023\" \/>\n<h2 data-section-id=\"131b5n9\" data-start=\"1025\" data-end=\"1061\">\ud83d\ude80 Deine Vorteile auf einen Blick<\/h2>\n<p data-start=\"1063\" data-end=\"1178\">\ud83d\udc49 Mehr Fahrzeuge diagnostizieren<br data-start=\"1096\" data-end=\"1099\" \/>\ud83d\udc49 Fehler schneller finden<br data-start=\"1125\" data-end=\"1128\" \/>\ud83d\udc49 Effizienter arbeiten und mehr Umsatz erzielen<\/p>\n<hr data-start=\"1180\" data-end=\"1183\" \/>\n<h2 data-section-id=\"qschqr\" data-start=\"1185\" data-end=\"1211\">\ud83e\uddf0 Die Ger\u00e4te im Detail<\/h2>\n<h3 data-section-id=\"1hu88g5\" data-start=\"1213\" data-end=\"1244\">\ud83d\udd39 MittmannLive TopScan Pro<\/h3>\n<p data-start=\"1245\" data-end=\"1304\">Das professionelle Diagnoseger\u00e4t f\u00fcr den t\u00e4glichen Einsatz:<\/p>\n<ul data-start=\"1306\" data-end=\"1495\">\n<li data-section-id=\"sczwqf\" data-start=\"1306\" data-end=\"1331\">AI-gest\u00fctzte Diagnose<\/li>\n<li data-section-id=\"uyeo3g\" data-start=\"1332\" data-end=\"1357\">30+ Servicefunktionen<\/li>\n<li data-section-id=\"znbg88\" data-start=\"1358\" data-end=\"1381\">Vollsystem Diagnose<\/li>\n<li data-section-id=\"1tw48km\" data-start=\"1382\" data-end=\"1438\">Vorbereitung f\u00fcr ECU Coding (optional freischaltbar)<\/li>\n<li data-section-id=\"2hdcbn\" data-start=\"1439\" data-end=\"1495\">SFD \/ FCA \/ Renault \/ Dacia Freischaltung (optional)<\/li>\n<\/ul>\n<hr data-start=\"1497\" data-end=\"1500\" \/>\n<h3 data-section-id=\"10i382s\" data-start=\"1502\" data-end=\"1525\">\ud83d\udd39 MUCAR AI Scanner<\/h3>\n<p data-start=\"1526\" data-end=\"1583\">Schnelle und intelligente Diagnose f\u00fcr moderne Fahrzeuge:<\/p>\n<ul data-start=\"1585\" data-end=\"1765\">\n<li data-section-id=\"15kz28f\" data-start=\"1585\" data-end=\"1614\">AI-basierte Fehleranalyse<\/li>\n<li data-section-id=\"jcu6qj\" data-start=\"1615\" data-end=\"1659\">Einfache Bedienung &amp; schnelle Ergebnisse<\/li>\n<li data-section-id=\"19zmeti\" data-start=\"1660\" data-end=\"1700\">Bi-direktionale Tests (Active Tests)<\/li>\n<li data-section-id=\"znbg88\" data-start=\"1701\" data-end=\"1724\">Vollsystem Diagnose<\/li>\n<li data-section-id=\"1vfkfx8\" data-start=\"1725\" data-end=\"1765\"><strong data-start=\"1727\" data-end=\"1763\">Lifetime Updates ohne Abo-Kosten<\/strong><\/li>\n<\/ul>\n<hr data-start=\"1767\" data-end=\"1770\" \/>\n<h2 data-section-id=\"mx1xmn\" data-start=\"1772\" data-end=\"1810\">\ud83d\udee0\ufe0f Funktionen des Diagnose Bundles<\/h2>\n<p data-start=\"1812\" data-end=\"1855\">Mit diesem Profi Diagnose Bundle kannst du:<\/p>\n<p data-start=\"1857\" data-end=\"2224\">\u2714 Fehlercodes lesen und l\u00f6schen (alle Steuerger\u00e4te)<br data-start=\"1908\" data-end=\"1911\" \/>\u2714 Vollsystem Diagnose durchf\u00fchren (Motor, Getriebe, ABS, Airbag, BCM, TCM usw.)<br data-start=\"1990\" data-end=\"1993\" \/>\u2714 Live-Daten in Echtzeit analysieren<br data-start=\"2029\" data-end=\"2032\" \/>\u2714 Bi-direktionale Tests durchf\u00fchren<br data-start=\"2067\" data-end=\"2070\" \/>\u2714 Komponenten gezielt testen und ansteuern<br data-start=\"2112\" data-end=\"2115\" \/>\u2714 AI-gest\u00fctzte Fehleranalyse nutzen<br data-start=\"2150\" data-end=\"2153\" \/>\u2714 Codierungen und Anpassungen durchf\u00fchren (modellabh\u00e4ngig \/ optional)<\/p>\n<hr data-start=\"2226\" data-end=\"2229\" \/>\n<h2 data-section-id=\"1rcjcrm\" data-start=\"2231\" data-end=\"2265\">\u26a1 Warum dieses Diagnose Bundle?<\/h2>\n<p data-start=\"2267\" data-end=\"2512\">\ud83d\udc49 Zwei Ger\u00e4te = doppelte Diagnosepower<br data-start=\"2306\" data-end=\"2309\" \/>\ud83d\udc49 H\u00f6here Fahrzeugabdeckung als einzelne Tools<br data-start=\"2355\" data-end=\"2358\" \/>\ud83d\udc49 Backup-System f\u00fcr professionelle Nutzung<br data-start=\"2401\" data-end=\"2404\" \/>\ud83d\udc49 Perfekt f\u00fcr Werkstatt, H\u00e4ndler und Diagnose Profis<br data-start=\"2457\" data-end=\"2460\" \/>\ud83d\udc49 Ideal f\u00fcr moderne Fahrzeuge und komplexe Fehler<\/p>\n<hr data-start=\"2514\" data-end=\"2517\" \/>\n<h2 data-section-id=\"eocdwe\" data-start=\"2519\" data-end=\"2546\">\ud83d\udd25 Technische Highlights<\/h2>\n<ul data-start=\"2548\" data-end=\"2845\">\n<li data-section-id=\"dcc8jr\" data-start=\"2548\" data-end=\"2621\">\ud83d\ude97 Unterst\u00fctzung f\u00fcr <strong data-start=\"2571\" data-end=\"2594\">120+ Fahrzeugmarken<\/strong> (\u00fcber 98% der Fahrzeuge)<\/li>\n<li data-section-id=\"12xnvjb\" data-start=\"2622\" data-end=\"2665\">\ud83d\udcf1 Bluetooth Verbindung (iOS &amp; Android)<\/li>\n<li data-section-id=\"wbvvd0\" data-start=\"2666\" data-end=\"2700\">\ud83c\udf0d Mehrsprachig (22+ Sprachen)<\/li>\n<li data-section-id=\"xjvobr\" data-start=\"2701\" data-end=\"2775\">\u2699\ufe0f 15+ Servicefunktionen (MUCAR) \/ 30+ Servicefunktionen (TopScan Pro)<\/li>\n<li data-section-id=\"1eqbhji\" data-start=\"2776\" data-end=\"2845\">\ud83d\udd13 Erweiterungen wie SFD, FCA, Renault &amp; Dacia optional verf\u00fcgbar<\/li>\n<\/ul>\n<hr data-start=\"2847\" data-end=\"2850\" \/>\n<h2 data-section-id=\"jjqk5v\" data-start=\"2852\" data-end=\"2874\">\ud83d\udca1 Updates &amp; Lizenz<\/h2>\n<ul data-start=\"2876\" data-end=\"2976\">\n<li data-section-id=\"njxxzx\" data-start=\"2876\" data-end=\"2928\">\u2714 <strong data-start=\"2880\" data-end=\"2898\">MUCAR Scanner:<\/strong> Lifetime Updates (kein Abo)<\/li>\n<li data-section-id=\"1653eqp\" data-start=\"2929\" data-end=\"2976\">\u2714 <strong data-start=\"2933\" data-end=\"2949\">TopScan Pro:<\/strong> 1 Jahr Updates inklusive<\/li>\n<\/ul>\n<hr data-start=\"2978\" data-end=\"2981\" \/>\n<h2 data-section-id=\"1kh19ng\" data-start=\"2983\" data-end=\"3024\">\ud83c\udfaf F\u00fcr wen ist dieses Bundle geeignet?<\/h2>\n<ul data-start=\"3026\" data-end=\"3134\">\n<li data-section-id=\"rdh9x8\" data-start=\"3026\" data-end=\"3045\">KFZ Werkst\u00e4tten<\/li>\n<li data-section-id=\"ee0ncq\" data-start=\"3046\" data-end=\"3062\">Auto H\u00e4ndler<\/li>\n<li data-section-id=\"uaamh1\" data-start=\"3063\" data-end=\"3082\">Diagnose Profis<\/li>\n<li data-section-id=\"8xxjdm\" data-start=\"3083\" data-end=\"3106\">Tuning Spezialisten<\/li>\n<li data-section-id=\"1qx4vzr\" data-start=\"3107\" data-end=\"3134\">Ambitionierte Schrauber<\/li>\n<\/ul>\n","protected":false},"excerpt":{"rendered":"<p>MittmannLive TopScan Pro &amp; MUCAR Scanner \ud83d\udd27 Profi Diagnose Bundle \u2013 Maximale Leistung f\u00fcr Werkstatt &amp; Profis Mit diesem leistungsstarken OBD2 Diagnose Bundle aus MittmannLive TopScan Pro und MUCAR Scanner bist du jeder Werkstatt einen entscheidenden Schritt voraus. Zwei perfekt abgestimmte Diagnoseger\u00e4te sorgen f\u00fcr eine deutlich h\u00f6here Fahrzeugabdeckung, schnellere Fehlerdiagnose und maximale Effizienz im Werkstattalltag. [&hellip;]<\/p>\n","protected":false},"featured_media":8056,"comment_status":"open","ping_status":"closed","template":"","meta":[],"product_brand":[300,295],"product_cat":[390,338,335],"product_tag":[],"class_list":{"0":"post-8055","1":"product","2":"type-product","3":"status-publish","4":"has-post-thumbnail","6":"product_brand-mittmannlive","7":"product_brand-thinkcar","8":"product_cat-diagnosegerate-obd","9":"product_cat-diagnosegerate-mittmannlive","10":"product_cat-diagnosegerate-thinkcar","12":"first","13":"instock","14":"shipping-taxable","15":"purchasable","16":"product-type-simple"},"_links":{"self":[{"href":"https:\/\/obdwelt.de\/en\/wp-json\/wp\/v2\/product\/8055","targetHints":{"allow":["GET"]}}],"collection":[{"href":"https:\/\/obdwelt.de\/en\/wp-json\/wp\/v2\/product"}],"about":[{"href":"https:\/\/obdwelt.de\/en\/wp-json\/wp\/v2\/types\/product"}],"replies":[{"embeddable":true,"href":"https:\/\/obdwelt.de\/en\/wp-json\/wp\/v2\/comments?post=8055"}],"wp:featuredmedia":[{"embeddable":true,"href":"https:\/\/obdwelt.de\/en\/wp-json\/wp\/v2\/media\/8056"}],"wp:attachment":[{"href":"https:\/\/obdwelt.de\/en\/wp-json\/wp\/v2\/media?parent=8055"}],"wp:term":[{"taxonomy":"product_brand","embeddable":true,"href":"https:\/\/obdwelt.de\/en\/wp-json\/wp\/v2\/product_brand?post=8055"},{"taxonomy":"product_cat","embeddable":true,"href":"https:\/\/obdwelt.de\/en\/wp-json\/wp\/v2\/product_cat?post=8055"},{"taxonomy":"product_tag","embeddable":true,"href":"https:\/\/obdwelt.de\/en\/wp-json\/wp\/v2\/product_tag?post=8055"}],"curies":[{"name":"wp","href":"https:\/\/api.w.org\/{rel}","templated":true}]}}