{"id":8172,"date":"2026-05-06T09:45:34","date_gmt":"2026-05-06T09:45:34","guid":{"rendered":"https:\/\/obdwelt.de\/?post_type=product&#038;p=8172"},"modified":"2026-05-06T09:45:35","modified_gmt":"2026-05-06T09:45:35","slug":"sgw-paket-security-gateway-fuer-autel-ultra-s2","status":"publish","type":"product","link":"https:\/\/obdwelt.de\/en\/produkt\/sgw-paket-security-gateway-fuer-autel-ultra-s2\/","title":{"rendered":"SGW PAKET ( Security Gateway) f\u00fcr AUTEL ULTRA S2"},"content":{"rendered":"<ol>\n<li>\n<h1>!!!!\u00a0 NUR m\u00f6glich f\u00fcr AUTEL ULTRA S2 !!!!!<\/h1>\n<\/li>\n<\/ol>\n<h2><\/h2>\n<h2>SGW PAKET ( Security Gateway) f\u00fcr AUTEL ULTRA S2<\/h2>\n<h2>Jahreslizenz:\u00a0 SGW\u00a0 VAG,\u00a0 MERCEDES,\u00a0 FCA , RENAULT \/ DACIA<\/h2>\n","protected":false},"excerpt":{"rendered":"<p>!!!!\u00a0 NUR m\u00f6glich f\u00fcr AUTEL ULTRA S2 !!!!! SGW PAKET ( Security Gateway) f\u00fcr AUTEL ULTRA S2 Jahreslizenz:\u00a0 SGW\u00a0 VAG,\u00a0 MERCEDES,\u00a0 FCA , RENAULT \/ DACIA<\/p>\n","protected":false},"featured_media":8174,"comment_status":"open","ping_status":"closed","template":"","meta":[],"product_brand":[],"product_cat":[332,391],"product_tag":[],"class_list":{"0":"post-8172","1":"product","2":"type-product","3":"status-publish","4":"has-post-thumbnail","6":"product_cat-a-update-autel","7":"product_cat-diagnosegeraete-updates","9":"first","10":"instock","11":"shipping-taxable","12":"purchasable","13":"product-type-simple"},"_links":{"self":[{"href":"https:\/\/obdwelt.de\/en\/wp-json\/wp\/v2\/product\/8172","targetHints":{"allow":["GET"]}}],"collection":[{"href":"https:\/\/obdwelt.de\/en\/wp-json\/wp\/v2\/product"}],"about":[{"href":"https:\/\/obdwelt.de\/en\/wp-json\/wp\/v2\/types\/product"}],"replies":[{"embeddable":true,"href":"https:\/\/obdwelt.de\/en\/wp-json\/wp\/v2\/comments?post=8172"}],"wp:featuredmedia":[{"embeddable":true,"href":"https:\/\/obdwelt.de\/en\/wp-json\/wp\/v2\/media\/8174"}],"wp:attachment":[{"href":"https:\/\/obdwelt.de\/en\/wp-json\/wp\/v2\/media?parent=8172"}],"wp:term":[{"taxonomy":"product_brand","embeddable":true,"href":"https:\/\/obdwelt.de\/en\/wp-json\/wp\/v2\/product_brand?post=8172"},{"taxonomy":"product_cat","embeddable":true,"href":"https:\/\/obdwelt.de\/en\/wp-json\/wp\/v2\/product_cat?post=8172"},{"taxonomy":"product_tag","embeddable":true,"href":"https:\/\/obdwelt.de\/en\/wp-json\/wp\/v2\/product_tag?post=8172"}],"curies":[{"name":"wp","href":"https:\/\/api.w.org\/{rel}","templated":true}]}}