{"id":8220,"date":"2026-05-13T14:08:32","date_gmt":"2026-05-13T14:08:32","guid":{"rendered":"https:\/\/obdwelt.de\/?post_type=product&#038;p=8220"},"modified":"2026-05-13T14:13:52","modified_gmt":"2026-05-13T14:13:52","slug":"topdon-one-plus","status":"publish","type":"product","link":"https:\/\/obdwelt.de\/en\/produkt\/topdon-one-plus\/","title":{"rendered":"TOPDON ONE Plus"},"content":{"rendered":"<h1 data-section-id=\"172al58\" data-start=\"175\" data-end=\"268\"><span role=\"text\"><strong data-start=\"177\" data-end=\"268\">TOPDON ONE Plus Diagnoseger\u00e4t \u2013 Profi OBD2 Scanner mit ECU Programmierung &amp; AI Diagnose<\/strong><\/span><\/h1>\n<h2 data-section-id=\"1d9ndkq\" data-start=\"270\" data-end=\"322\"><span role=\"text\"><strong data-start=\"273\" data-end=\"322\">Professionelle Fahrzeugdiagnose auf OE-Niveau<\/strong><\/span><\/h2>\n<p data-start=\"324\" data-end=\"695\">Das <strong data-start=\"328\" data-end=\"361\">TOPDON ONE Plus Diagnoseger\u00e4t<\/strong> wurde speziell f\u00fcr Werkst\u00e4tten, Kfz-Techniker und Diagnoseprofis entwickelt, die h\u00f6chste Leistung und maximale Effizienz erwarten. Mit umfassender <strong data-start=\"509\" data-end=\"531\">ECU-Programmierung<\/strong>, <strong data-start=\"533\" data-end=\"546\">Codierung<\/strong>, \u00fcber <strong data-start=\"553\" data-end=\"577\">50 Servicefunktionen<\/strong> und modernster <strong data-start=\"593\" data-end=\"613\">AI-Unterst\u00fctzung<\/strong> bietet dieses Ger\u00e4t alles, was f\u00fcr die Diagnose moderner Fahrzeuge notwendig ist.<\/p>\n<p data-start=\"697\" data-end=\"921\">Dank Unterst\u00fctzung aktueller Protokolle wie <strong data-start=\"741\" data-end=\"751\">CAN-FD<\/strong> und <strong data-start=\"756\" data-end=\"764\">DoIP<\/strong> sowie Gateway-Zug\u00e4ngen f\u00fcr <strong data-start=\"792\" data-end=\"830\">FCA, Renault, Nissan und VAG (SFD)<\/strong> ist das ONE Plus perfekt f\u00fcr die Anforderungen der neuesten Fahrzeuggenerationen geeignet.<\/p>\n<hr data-start=\"923\" data-end=\"926\" \/>\n<h2 data-section-id=\"1y7m9mp\" data-start=\"928\" data-end=\"958\"><span role=\"text\"><strong data-start=\"931\" data-end=\"958\">Highlights &amp; Funktionen<\/strong><\/span><\/h2>\n<h3 data-section-id=\"wkckki\" data-start=\"960\" data-end=\"1012\"><span role=\"text\">\ud83d\udd27 <strong data-start=\"967\" data-end=\"1012\">ECU Programmierung f\u00fcr maximale Kontrolle<\/strong><\/span><\/h3>\n<p data-start=\"1013\" data-end=\"1092\">Mit professioneller ECU-Programmierung f\u00fcr <strong data-start=\"1056\" data-end=\"1071\">BMW und VAG<\/strong> k\u00f6nnen Steuerger\u00e4te:<\/p>\n<ul data-start=\"1093\" data-end=\"1181\">\n<li data-section-id=\"1oicdi6\" data-start=\"1093\" data-end=\"1125\">programmiert (auch leere ECUs)<\/li>\n<li data-section-id=\"1rw8gxq\" data-start=\"1126\" data-end=\"1140\">aktualisiert<\/li>\n<li data-section-id=\"8tpg48\" data-start=\"1141\" data-end=\"1152\">gesichert<\/li>\n<li data-section-id=\"f9pw10\" data-start=\"1153\" data-end=\"1181\">wiederhergestellt werden<\/li>\n<\/ul>\n<p data-start=\"1183\" data-end=\"1237\">\u27a1\ufe0f Mehr M\u00f6glichkeiten = mehr Umsatz f\u00fcr Ihre Werkstatt<\/p>\n<hr data-start=\"1239\" data-end=\"1242\" \/>\n<h3 data-section-id=\"vw3820\" data-start=\"1244\" data-end=\"1287\"><span role=\"text\">\u2699\ufe0f <strong data-start=\"1251\" data-end=\"1287\">ECU Coding &amp; One-Click Anpassung<\/strong><\/span><\/h3>\n<ul data-start=\"1288\" data-end=\"1462\">\n<li data-section-id=\"7wf9o5\" data-start=\"1288\" data-end=\"1330\">Unterst\u00fctzung f\u00fcr <strong data-start=\"1308\" data-end=\"1330\">10+ Fahrzeugmarken<\/strong><\/li>\n<li data-section-id=\"slda8g\" data-start=\"1331\" data-end=\"1373\">Aktivieren\/Deaktivieren von Funktionen<\/li>\n<li data-section-id=\"923kdm\" data-start=\"1374\" data-end=\"1410\">Anpassung von Fahrzeugparametern<\/li>\n<li data-section-id=\"2woupu\" data-start=\"1411\" data-end=\"1462\">One-Click Customization f\u00fcr schnelle \u00c4nderungen<\/li>\n<\/ul>\n<hr data-start=\"1464\" data-end=\"1467\" \/>\n<h3 data-section-id=\"57n375\" data-start=\"1469\" data-end=\"1519\"><span role=\"text\">\ud83e\udde0 <strong data-start=\"1476\" data-end=\"1519\">TopFix AI \u2013 Intelligente Fehlerdiagnose<\/strong><\/span><\/h3>\n<p data-start=\"1520\" data-end=\"1597\">Die integrierte <strong data-start=\"1536\" data-end=\"1561\">TopFix AI-Technologie<\/strong> analysiert Fehlercodes und liefert:<\/p>\n<ul data-start=\"1598\" data-end=\"1674\">\n<li data-section-id=\"4h06k0\" data-start=\"1598\" data-end=\"1617\">Ursachenanalyse<\/li>\n<li data-section-id=\"1jn69o7\" data-start=\"1618\" data-end=\"1641\">Reparaturvorschl\u00e4ge<\/li>\n<li data-section-id=\"1rgfdxl\" data-start=\"1642\" data-end=\"1674\">Technische Daten &amp; Diagramme<\/li>\n<\/ul>\n<p data-start=\"1676\" data-end=\"1719\">\u27a1\ufe0f Schnellere Diagnose, weniger Zeitverlust<\/p>\n<hr data-start=\"1721\" data-end=\"1724\" \/>\n<h3 data-section-id=\"1h4jz1g\" data-start=\"1726\" data-end=\"1758\"><span role=\"text\">\ud83d\uddfa\ufe0f <strong data-start=\"1734\" data-end=\"1758\">OE Topologie Mapping<\/strong><\/span><\/h3>\n<p data-start=\"1759\" data-end=\"1808\">Visualisieren Sie das komplette Fahrzeugnetzwerk:<\/p>\n<ul data-start=\"1809\" data-end=\"1912\">\n<li data-section-id=\"seeyst\" data-start=\"1809\" data-end=\"1846\">Farblich markierte Systemzust\u00e4nde<\/li>\n<li data-section-id=\"t8onxz\" data-start=\"1847\" data-end=\"1879\">\u00dcbersicht aller Steuerger\u00e4te<\/li>\n<li data-section-id=\"17uaa8j\" data-start=\"1880\" data-end=\"1912\">Schnelle Fehlerlokalisierung<\/li>\n<\/ul>\n<hr data-start=\"1914\" data-end=\"1917\" \/>\n<h3 data-section-id=\"16lwiy8\" data-start=\"1919\" data-end=\"1954\"><span role=\"text\">\ud83d\udd0c <strong data-start=\"1926\" data-end=\"1954\">J2534 Pass-Thru Funktion<\/strong><\/span><\/h3>\n<p data-start=\"1955\" data-end=\"2004\">Nutzen Sie das Ger\u00e4t als <strong data-start=\"1980\" data-end=\"2003\">Pass-Thru Interface<\/strong>:<\/p>\n<ul data-start=\"2005\" data-end=\"2129\">\n<li data-section-id=\"9lco1q\" data-start=\"2005\" data-end=\"2036\">Kompatibel mit OEM Software<\/li>\n<li data-section-id=\"8s3anu\" data-start=\"2037\" data-end=\"2080\">Unterst\u00fctzung f\u00fcr <strong data-start=\"2057\" data-end=\"2078\">14 Fahrzeugmarken<\/strong><\/li>\n<li data-section-id=\"18710p9\" data-start=\"2081\" data-end=\"2129\">Ihr PC wird zur Hersteller-Diagnoseplattform<\/li>\n<\/ul>\n<hr data-start=\"2131\" data-end=\"2134\" \/>\n<h3 data-section-id=\"1ypmayo\" data-start=\"2136\" data-end=\"2185\"><span role=\"text\">\ud83d\ude97 <strong data-start=\"2143\" data-end=\"2185\">Zukunftssicher \u2013 F\u00fcr moderne Fahrzeuge<\/strong><\/span><\/h3>\n<ul data-start=\"2186\" data-end=\"2308\">\n<li data-section-id=\"4ycnri\" data-start=\"2186\" data-end=\"2217\">CAN-FD &amp; DoIP Unterst\u00fctzung<\/li>\n<li data-section-id=\"1o5j6vu\" data-start=\"2218\" data-end=\"2264\">FCA SGW, VAG SFD &amp; Renault Gateway Zugriff<\/li>\n<li data-section-id=\"1jlyhkd\" data-start=\"2265\" data-end=\"2308\">Ideal f\u00fcr neue und gesch\u00fctzte Fahrzeuge<\/li>\n<\/ul>\n<hr data-start=\"2310\" data-end=\"2313\" \/>\n<h3 data-section-id=\"11q4hon\" data-start=\"2315\" data-end=\"2357\"><span role=\"text\">\ud83d\udd11 <strong data-start=\"2322\" data-end=\"2357\">IMMO Funktionen (Wegfahrsperre)<\/strong><\/span><\/h3>\n<ul data-start=\"2358\" data-end=\"2447\">\n<li data-section-id=\"rv7acl\" data-start=\"2358\" data-end=\"2385\">Schl\u00fcssel programmieren<\/li>\n<li data-section-id=\"50ywvt\" data-start=\"2386\" data-end=\"2418\">Schl\u00fcssel hinzuf\u00fcgen\/l\u00f6schen<\/li>\n<li data-section-id=\"boap9k\" data-start=\"2419\" data-end=\"2447\">All Keys Lost Funktionen<\/li>\n<\/ul>\n<p data-start=\"2449\" data-end=\"2482\">\u27a1\ufe0f Komplettl\u00f6sung f\u00fcr Werkst\u00e4tten<\/p>\n<hr data-start=\"2484\" data-end=\"2487\" \/>\n<h3 data-section-id=\"moy88t\" data-start=\"2489\" data-end=\"2518\"><span role=\"text\">\ud83d\udcca <strong data-start=\"2496\" data-end=\"2518\">Live-Daten Analyse<\/strong><\/span><\/h3>\n<ul data-start=\"2519\" data-end=\"2633\">\n<li data-section-id=\"1kkeofr\" data-start=\"2519\" data-end=\"2572\">Anzeige von bis zu <strong data-start=\"2540\" data-end=\"2570\">12 Parametern gleichzeitig<\/strong><\/li>\n<li data-section-id=\"vn1zbb\" data-start=\"2573\" data-end=\"2598\">Grafische Darstellung<\/li>\n<li data-section-id=\"f5olsg\" data-start=\"2599\" data-end=\"2633\">Vergleich mehrerer Sensorwerte<\/li>\n<\/ul>\n<hr data-start=\"2635\" data-end=\"2638\" \/>\n<h2 data-section-id=\"ax2eyh\" data-start=\"2640\" data-end=\"2680\"><span role=\"text\">\ud83c\udf81 <strong data-start=\"2646\" data-end=\"2680\">Bonus \u2013 Mehr Wert f\u00fcr Ihr Geld<\/strong><\/span><\/h2>\n<p data-start=\"2681\" data-end=\"2715\">Beim Kauf erhalten Sie zus\u00e4tzlich:<\/p>\n<p data-start=\"2717\" data-end=\"2800\">\u2714\ufe0f <strong data-start=\"2720\" data-end=\"2762\">TopScan Master (Bluetooth OBD2 Dongle)<\/strong><br data-start=\"2762\" data-end=\"2765\" \/>\u2714\ufe0f <strong data-start=\"2768\" data-end=\"2800\">BTMobile ProS Batterietester<\/strong><\/p>\n<p data-start=\"2802\" data-end=\"2836\">\u27a1\ufe0f Mehr Tools \u2013 mehr M\u00f6glichkeiten<\/p>\n<hr data-start=\"2838\" data-end=\"2841\" \/>\n<h2 data-section-id=\"h0zf3z\" data-start=\"2843\" data-end=\"2866\"><span role=\"text\"><strong data-start=\"2846\" data-end=\"2866\">Technische Daten<\/strong><\/span><\/h2>\n<ul data-start=\"2868\" data-end=\"3156\">\n<li data-section-id=\"lriwre\" data-start=\"2868\" data-end=\"2905\"><strong data-start=\"2870\" data-end=\"2882\">Display:<\/strong> 10.1&#8243; LCD (1280\u00d7800)<\/li>\n<li data-section-id=\"1rfncrn\" data-start=\"2906\" data-end=\"2933\"><strong data-start=\"2908\" data-end=\"2916\">CPU:<\/strong> 8-Core 2.0 GHz<\/li>\n<li data-section-id=\"1eqs7df\" data-start=\"2934\" data-end=\"2964\"><strong data-start=\"2936\" data-end=\"2948\">RAM\/ROM:<\/strong> 4 GB \/ 128 GB<\/li>\n<li data-section-id=\"1b9jq8j\" data-start=\"2965\" data-end=\"2999\"><strong data-start=\"2967\" data-end=\"2986\">Betriebssystem:<\/strong> Android 12<\/li>\n<li data-section-id=\"1yi6upr\" data-start=\"3000\" data-end=\"3027\"><strong data-start=\"3002\" data-end=\"3015\">Batterie:<\/strong> 10000 mAh<\/li>\n<li data-section-id=\"mmn3jt\" data-start=\"3028\" data-end=\"3049\"><strong data-start=\"3030\" data-end=\"3041\">Kamera:<\/strong> 16 MP<\/li>\n<li data-section-id=\"14mxudr\" data-start=\"3050\" data-end=\"3072\"><strong data-start=\"3052\" data-end=\"3066\">Bluetooth:<\/strong> 5.0<\/li>\n<li data-section-id=\"njfu31\" data-start=\"3073\" data-end=\"3098\"><strong data-start=\"3075\" data-end=\"3084\">WiFi:<\/strong> 2.4 &amp; 5 GHz<\/li>\n<li data-section-id=\"tsb56h\" data-start=\"3099\" data-end=\"3156\"><strong data-start=\"3101\" data-end=\"3114\">Sprachen:<\/strong> 45+ (inkl. Deutsch, Englisch, Serbisch)<\/li>\n<\/ul>\n<hr data-start=\"3158\" data-end=\"3161\" \/>\n<h2 data-section-id=\"2pn4f6\" data-start=\"3163\" data-end=\"3182\"><span role=\"text\"><strong data-start=\"3166\" data-end=\"3182\">Lieferumfang<\/strong><\/span><\/h2>\n<ul data-start=\"3184\" data-end=\"3326\">\n<li data-section-id=\"1096u5u\" data-start=\"3184\" data-end=\"3210\">TOPDON ONE Plus Tablet<\/li>\n<li data-section-id=\"1fjo3hp\" data-start=\"3211\" data-end=\"3236\">VCI Diagnoseinterface<\/li>\n<li data-section-id=\"zna7es\" data-start=\"3237\" data-end=\"3250\">Ladeger\u00e4t<\/li>\n<li data-section-id=\"b5d5h1\" data-start=\"3251\" data-end=\"3268\">Diagnosekabel<\/li>\n<li data-section-id=\"xup6el\" data-start=\"3269\" data-end=\"3282\">USB Kabel<\/li>\n<li data-section-id=\"fjiarc\" data-start=\"3283\" data-end=\"3302\">Transportkoffer<\/li>\n<li data-section-id=\"14y3h0h\" data-start=\"3303\" data-end=\"3326\">Bedienungsanleitung<\/li>\n<\/ul>\n<p data-start=\"3328\" data-end=\"3372\">\ud83c\udf81 <strong data-start=\"3331\" data-end=\"3341\">Bonus:<\/strong> TopScan Master &amp; BTMobile ProS<\/p>\n<hr data-start=\"3374\" data-end=\"3377\" \/>\n<h2 data-section-id=\"pcab07\" data-start=\"3379\" data-end=\"3423\"><span role=\"text\"><strong data-start=\"3382\" data-end=\"3423\">Fazit \u2013 Warum TOPDON ONE Plus kaufen?<\/strong><\/span><\/h2>\n<p data-start=\"3425\" data-end=\"3492\">Das <strong data-start=\"3429\" data-end=\"3448\">TOPDON ONE Plus<\/strong> ist die perfekte Wahl f\u00fcr Werkst\u00e4tten, die:<\/p>\n<ul data-start=\"3493\" data-end=\"3650\">\n<li data-section-id=\"1pd2auh\" data-start=\"3493\" data-end=\"3544\">professionelle Diagnose auf OE-Niveau ben\u00f6tigen<\/li>\n<li data-section-id=\"1b7vt3g\" data-start=\"3545\" data-end=\"3603\">moderne Fahrzeuge ohne Einschr\u00e4nkungen bedienen wollen<\/li>\n<li data-section-id=\"18du06y\" data-start=\"3604\" data-end=\"3650\">Zeit sparen und Effizienz steigern m\u00f6chten<\/li>\n<\/ul>\n<p data-start=\"3652\" data-end=\"3741\">\u27a1\ufe0f <strong data-start=\"3655\" data-end=\"3741\">Ein leistungsstarkes All-in-One Diagnoseger\u00e4t f\u00fcr die Zukunft der Fahrzeugdiagnose<\/strong><\/p>\n","protected":false},"excerpt":{"rendered":"<p>TOPDON ONE Plus Diagnoseger\u00e4t \u2013 Profi OBD2 Scanner mit ECU Programmierung &amp; AI Diagnose Professionelle Fahrzeugdiagnose auf OE-Niveau Das TOPDON ONE Plus Diagnoseger\u00e4t wurde speziell f\u00fcr Werkst\u00e4tten, Kfz-Techniker und Diagnoseprofis entwickelt, die h\u00f6chste Leistung und maximale Effizienz erwarten. Mit umfassender ECU-Programmierung, Codierung, \u00fcber 50 Servicefunktionen und modernster AI-Unterst\u00fctzung bietet dieses Ger\u00e4t alles, was f\u00fcr die [&hellip;]<\/p>\n","protected":false},"featured_media":8224,"comment_status":"open","ping_status":"closed","template":"","meta":[],"product_brand":[293],"product_cat":[390,329],"product_tag":[],"class_list":{"0":"post-8220","1":"product","2":"type-product","3":"status-publish","4":"has-post-thumbnail","6":"product_brand-topdon","7":"product_cat-diagnosegerate-obd","8":"product_cat-diagnosegerate-topdon","10":"first","11":"instock","12":"shipping-taxable","13":"purchasable","14":"product-type-simple"},"_links":{"self":[{"href":"https:\/\/obdwelt.de\/en\/wp-json\/wp\/v2\/product\/8220","targetHints":{"allow":["GET"]}}],"collection":[{"href":"https:\/\/obdwelt.de\/en\/wp-json\/wp\/v2\/product"}],"about":[{"href":"https:\/\/obdwelt.de\/en\/wp-json\/wp\/v2\/types\/product"}],"replies":[{"embeddable":true,"href":"https:\/\/obdwelt.de\/en\/wp-json\/wp\/v2\/comments?post=8220"}],"wp:featuredmedia":[{"embeddable":true,"href":"https:\/\/obdwelt.de\/en\/wp-json\/wp\/v2\/media\/8224"}],"wp:attachment":[{"href":"https:\/\/obdwelt.de\/en\/wp-json\/wp\/v2\/media?parent=8220"}],"wp:term":[{"taxonomy":"product_brand","embeddable":true,"href":"https:\/\/obdwelt.de\/en\/wp-json\/wp\/v2\/product_brand?post=8220"},{"taxonomy":"product_cat","embeddable":true,"href":"https:\/\/obdwelt.de\/en\/wp-json\/wp\/v2\/product_cat?post=8220"},{"taxonomy":"product_tag","embeddable":true,"href":"https:\/\/obdwelt.de\/en\/wp-json\/wp\/v2\/product_tag?post=8220"}],"curies":[{"name":"wp","href":"https:\/\/api.w.org\/{rel}","templated":true}]}}